{"id":44,"date":"2024-12-14T11:34:50","date_gmt":"2024-12-14T11:34:50","guid":{"rendered":"https:\/\/www.exploringmallorca.com\/home\/"},"modified":"2024-12-16T16:53:55","modified_gmt":"2024-12-16T16:53:55","slug":"home","status":"publish","type":"page","link":"https:\/\/www.exploringmallorca.com\/hu\/","title":{"rendered":"Home"},"content":{"rendered":"\n\n\n\n\n<h1>Kezdj\u00fck az utaz\u00e1st<\/h1>\n<p>T\u00f6k\u00e9letes nyaral\u00e1s Mallorc\u00e1n \u00e9s Ibiz\u00e1n<br>Rendeljen t\u00far\u00e1kat, transzfereket \u00e9s sz\u00e1llod\u00e1kat<\/p>\n\n\n\n\n\n\n\n\nRept\u00e9ri transzfer\n<h5>Transzfer a Palma rep\u00fcl\u0151t\u00e9rre \u00e9s vissza<\/h5>\n\n\n\n<p>Hot<\/p>\n\n<h5>A F\u00f6ldk\u00f6zi-tenger gy\u00f6ngyszeme<\/h5>\n\n\n\nPopular\n\n<h5>Valldemossa, egy rejtett kincs<\/h5>\n\n\n\nTrend\n\n<h5>Ibiza-Island Vibing<\/h5>\n\n\n\n\n\n\n\n\n<p>Lorem Ipsum has been the industry&#8217;s standard dummy text ever since the 1500s.<\/p>\n\n\n<p>Lorem Ipsum has been the industry&#8217;s standard dummy text ever since the 1500s.<\/p>\n\n\n\n\n<h2>K\u00f6r\u00fclbel\u00fcl<\/h2>\n<p>Mallorca felfedez\u00e9se egy hely, ahol hasznos inform\u00e1ci\u00f3kat tal\u00e1lhat Mallorca \u00e9s Ibiza gy\u00f6ny\u00f6r\u0171 szigeteir\u0151l.<\/p>\n<p>Ez az oldal egy hidat k\u00e9pez a kelet-eur\u00f3pai orsz\u00e1gokb\u00f3l, p\u00e9ld\u00e1ul Rom\u00e1ni\u00e1b\u00f3l, Lengyelorsz\u00e1gb\u00f3l, Magyarorsz\u00e1gr\u00f3l, Bulg\u00e1ri\u00e1b\u00f3l \u00e9rkez\u0151 vend\u00e9geink k\u00f6z\u00f6tt, akik szeretn\u00e9k felfedezni e szigetek sz\u00e9ps\u00e9geit.<\/p><p><\/p>\n\n\n\n\n\n<h4><font style=\"vertical-align: inherit;\">Rendeljen transzfert a Palma rep\u00fcl\u0151t\u00e9rr\u0151l \u00e9s vissza<\/font><\/h4>\n\n\n\n\n\n\n\n<h2>Felkapott kateg\u00f3ri\u00e1k<\/h2>\n<p>Bale\u00e1r-szigetek \u00e9s sokf\u00e9les\u00e9g.<\/p>\n\n\n\n\n\n\n\n\n\n\n\n\n\n\n\n\n\n\n\n\n\n\n\n","protected":false},"excerpt":{"rendered":"","protected":false},"author":1,"featured_media":0,"parent":0,"menu_order":0,"comment_status":"closed","ping_status":"closed","template":"","meta":{"pagelayer_contact_templates":[],"_pagelayer_content":"","footnotes":""},"class_list":["post-44","page","type-page","status-publish","hentry"],"_links":{"self":[{"href":"https:\/\/www.exploringmallorca.com\/hu\/wp-json\/wp\/v2\/pages\/44","targetHints":{"allow":["GET"]}}],"collection":[{"href":"https:\/\/www.exploringmallorca.com\/hu\/wp-json\/wp\/v2\/pages"}],"about":[{"href":"https:\/\/www.exploringmallorca.com\/hu\/wp-json\/wp\/v2\/types\/page"}],"author":[{"embeddable":true,"href":"https:\/\/www.exploringmallorca.com\/hu\/wp-json\/wp\/v2\/users\/1"}],"replies":[{"embeddable":true,"href":"https:\/\/www.exploringmallorca.com\/hu\/wp-json\/wp\/v2\/comments?post=44"}],"version-history":[{"count":20,"href":"https:\/\/www.exploringmallorca.com\/hu\/wp-json\/wp\/v2\/pages\/44\/revisions"}],"predecessor-version":[{"id":140,"href":"https:\/\/www.exploringmallorca.com\/hu\/wp-json\/wp\/v2\/pages\/44\/revisions\/140"}],"wp:attachment":[{"href":"https:\/\/www.exploringmallorca.com\/hu\/wp-json\/wp\/v2\/media?parent=44"}],"curies":[{"name":"wp","href":"https:\/\/api.w.org\/{rel}","templated":true}]}}