{"id":44,"date":"2024-12-14T11:34:50","date_gmt":"2024-12-14T11:34:50","guid":{"rendered":"https:\/\/www.exploringmallorca.com\/home\/"},"modified":"2024-12-16T16:53:55","modified_gmt":"2024-12-16T16:53:55","slug":"home","status":"publish","type":"page","link":"https:\/\/www.exploringmallorca.com\/ro\/","title":{"rendered":"Home"},"content":{"rendered":"\n\n\n\n\n<h1>S\u0103 \u00eencepem c\u0103l\u0103toria<\/h1>\n<p>Vacan\u021be perfecte \u00een Mallorca \u0219i Ibiza<br>Comand\u0103 Tururi, Transferuri \u0219i Hoteluri<\/p>\n\n\n\n\n\n\n\n\nTransfer aeroport\n<h5>Transfer la \u0219i de la Aeroportul Palma<\/h5>\n\n\n\n<p>Hot<\/p>\n\n<h5>Perla Mediteranei<\/h5>\n\n\n\nPopular\n\n<h5>Valldemossa, o comoar\u0103 ascuns\u0103<\/h5>\n\n\nTendin\u0163e\n<h5>Ibiza-Insula Vibe<\/h5>\n\n\n\n\n\n\n\n\n<p>Lorem Ipsum has been the industry&#8217;s standard dummy text ever since the 1500s.<\/p>\n\n\n<p>Lorem Ipsum has been the industry&#8217;s standard dummy text ever since the 1500s.<\/p>\n\n\n\n\n<h2>Despre<\/h2>\n<p>ExploringMallorca un loc unde pute\u021bi g\u0103si informa\u021bii utile despre frumoasele insule Mallorca \u0219i Ibiza.<\/p>\n<p>Acest site este o punte \u00eentre oaspe\u021bii no\u0219tri din \u021b\u0103rile Europei de Est precum Rom\u00e2nia, Polonia, Ungaria, Bulgaria, care doresc s\u0103 descopere frumuse\u021bile acestor insule.<p>\n\n\n\n\n\n<h4>Comanda\u021bi Transfer de la \u0219i c\u0103tre Aeroportul Palma<\/h4>\n\n\n\n\n\n\n\n<h2>Categorii de tendin\u021be<\/h2>\n<p>Insulele Baleare \u0219i diversitatea.<\/p>\n\n\n\n\n\n\n\n\n\n\n\n\n\n\n\n\n\n\n\n\n\n\n\n","protected":false},"excerpt":{"rendered":"","protected":false},"author":1,"featured_media":0,"parent":0,"menu_order":0,"comment_status":"closed","ping_status":"closed","template":"","meta":{"pagelayer_contact_templates":[],"_pagelayer_content":"","footnotes":""},"class_list":["post-44","page","type-page","status-publish","hentry"],"_links":{"self":[{"href":"https:\/\/www.exploringmallorca.com\/ro\/wp-json\/wp\/v2\/pages\/44","targetHints":{"allow":["GET"]}}],"collection":[{"href":"https:\/\/www.exploringmallorca.com\/ro\/wp-json\/wp\/v2\/pages"}],"about":[{"href":"https:\/\/www.exploringmallorca.com\/ro\/wp-json\/wp\/v2\/types\/page"}],"author":[{"embeddable":true,"href":"https:\/\/www.exploringmallorca.com\/ro\/wp-json\/wp\/v2\/users\/1"}],"replies":[{"embeddable":true,"href":"https:\/\/www.exploringmallorca.com\/ro\/wp-json\/wp\/v2\/comments?post=44"}],"version-history":[{"count":20,"href":"https:\/\/www.exploringmallorca.com\/ro\/wp-json\/wp\/v2\/pages\/44\/revisions"}],"predecessor-version":[{"id":140,"href":"https:\/\/www.exploringmallorca.com\/ro\/wp-json\/wp\/v2\/pages\/44\/revisions\/140"}],"wp:attachment":[{"href":"https:\/\/www.exploringmallorca.com\/ro\/wp-json\/wp\/v2\/media?parent=44"}],"curies":[{"name":"wp","href":"https:\/\/api.w.org\/{rel}","templated":true}]}}